

{"id":732,"date":"2016-09-17T08:32:10","date_gmt":"2016-09-17T01:32:10","guid":{"rendered":"https:\/\/hqcgroup.vn\/en\/?page_id=732"},"modified":"2016-09-17T08:32:10","modified_gmt":"2016-09-17T01:32:10","slug":"about","status":"publish","type":"page","link":"https:\/\/kimoanhgroupdn.vn\/en\/about\/","title":{"rendered":"About"},"content":{"rendered":"<p>The one area of your small business website where you really have a chance to tell your story\u2014who you are, what your small business is all about, and what makes you unique from your competitors.<br \/>\nUnfortunately, it\u2019s one area where a lot of small businesses really miss the mark.<br \/>\nThey either focus entirely on the wrong things, include a bunch of totally random information that doesn\u2019t flow together, or don\u2019t include enough text to add any real value.<br \/>\nWant to make the most of your &#8220;About Us&#8221; page? Here are 3 tips and specific examples of small businesses that really have it nailed.<\/p>\n<p><strong>1. ESTABLISH A CONVERSATIONAL TONE<\/strong><br \/>\nIt all starts with compelling content and a conversational tone. Instead of treating it like a boring writing assignment, think about how you would tell your story to someone if you were speaking with them face-to-face.<br \/>\nWhat would you say? How would you say it?<br \/>\nWould your delivery be stiff and academic, or would your face light up with excitement when you talked about opening your doors for the first time? Spoiler alert&#8211;I\u2019m hoping you answered the latter.<br \/>\n<strong>2. TELL YOUR SMALL BUSINESS STORY<\/strong><br \/>\nHere, company use their &#8220;About Us&#8221; page to share the story behind their brand name, their motivation for starting the business, and what customers can expect when they visit their boutique.<br \/>\n<strong>3. SHOW SOME PERSONALITY<\/strong><br \/>\nI have to admit I have a huge soft spot for any and every small business that takes the extra time to write a unique &#8220;About Us&#8221; page. Instead of focusing on boring details or just mailing it in, they use their content to capture their unique small business vibe.<br \/>\nAs you create new &#8220;About Us&#8221; content, always make sure you read it over from beginning to end out loud (this is really important) to see if everything flows together and if you captured the personality of your small business.<br \/>\nRemember, the tone of your content should typically read as though you&#8217;re having a face-to-face conversation with a first-time customer. If it does, you\u2019re well on your way. If it doesn\u2019t, it\u2019s time to make some tweaks.<\/p>\n","protected":false},"excerpt":{"rendered":"<p class=\"excerpt\">The one area of your small business website where you really have a chance to tell your story\u2014who you are, what your small business is&#8230;<\/p>\n","protected":false},"author":1,"featured_media":0,"parent":0,"menu_order":0,"comment_status":"open","ping_status":"closed","template":"","meta":{"footnotes":""},"class_list":["post-732","page","type-page","status-publish","hentry"],"yoast_head":"<!-- This site is optimized with the Yoast SEO plugin v25.8 - https:\/\/yoast.com\/wordpress\/plugins\/seo\/ -->\n<title>About - C\u00d4NG TY C\u1ed4 PH\u1ea6N T\u1eacP \u0110O\u00c0N \u0110\u1ecaA \u1ed0C KIM OANH<\/title>\n<meta name=\"robots\" content=\"index, follow, max-snippet:-1, max-image-preview:large, max-video-preview:-1\" \/>\n<link rel=\"canonical\" href=\"https:\/\/kimoanhgroupdn.vn\/en\/about\/\" \/>\n<meta property=\"og:locale\" content=\"en_US\" \/>\n<meta property=\"og:type\" content=\"article\" \/>\n<meta property=\"og:title\" content=\"About - C\u00d4NG TY C\u1ed4 PH\u1ea6N T\u1eacP \u0110O\u00c0N \u0110\u1ecaA \u1ed0C KIM OANH\" \/>\n<meta property=\"og:description\" content=\"The one area of your small business website where you really have a chance to tell your story\u2014who you are, what your small business is...\" \/>\n<meta property=\"og:url\" content=\"https:\/\/kimoanhgroupdn.vn\/en\/about\/\" \/>\n<meta property=\"og:site_name\" content=\"C\u00d4NG TY C\u1ed4 PH\u1ea6N T\u1eacP \u0110O\u00c0N \u0110\u1ecaA \u1ed0C KIM OANH\" \/>\n<meta property=\"article:publisher\" content=\"https:\/\/www.facebook.com\/khongvanhong1988\/\" \/>\n<meta property=\"og:image\" content=\"https:\/\/kimoanhgroupdn.vn\/wp-content\/uploads\/2025\/09\/KV-Website-2048x1043px-small.jpg.webp\" \/>\n\t<meta property=\"og:image:width\" content=\"2048\" \/>\n\t<meta property=\"og:image:height\" content=\"1043\" \/>\n\t<meta property=\"og:image:type\" content=\"image\/webp\" \/>\n<meta name=\"twitter:card\" content=\"summary_large_image\" \/>\n<meta name=\"twitter:label1\" content=\"Est. reading time\" \/>\n\t<meta name=\"twitter:data1\" content=\"2 minutes\" \/>\n<script type=\"application\/ld+json\" class=\"yoast-schema-graph\">{\"@context\":\"https:\/\/schema.org\",\"@graph\":[{\"@type\":\"WebPage\",\"@id\":\"https:\/\/kimoanhgroupdn.vn\/en\/about\/\",\"url\":\"https:\/\/kimoanhgroupdn.vn\/en\/about\/\",\"name\":\"About - C\u00d4NG TY C\u1ed4 PH\u1ea6N T\u1eacP \u0110O\u00c0N \u0110\u1ecaA \u1ed0C KIM OANH\",\"isPartOf\":{\"@id\":\"https:\/\/kimoanhgroupdn.vn\/#website\"},\"datePublished\":\"2016-09-17T01:32:10+00:00\",\"breadcrumb\":{\"@id\":\"https:\/\/kimoanhgroupdn.vn\/en\/about\/#breadcrumb\"},\"inLanguage\":\"en-US\",\"potentialAction\":[{\"@type\":\"ReadAction\",\"target\":[\"https:\/\/kimoanhgroupdn.vn\/en\/about\/\"]}]},{\"@type\":\"BreadcrumbList\",\"@id\":\"https:\/\/kimoanhgroupdn.vn\/en\/about\/#breadcrumb\",\"itemListElement\":[{\"@type\":\"ListItem\",\"position\":1,\"name\":\"Home\",\"item\":\"https:\/\/kimoanhgroupdn.vn\/en\/\"},{\"@type\":\"ListItem\",\"position\":2,\"name\":\"About\"}]},{\"@type\":\"WebSite\",\"@id\":\"https:\/\/kimoanhgroupdn.vn\/#website\",\"url\":\"https:\/\/kimoanhgroupdn.vn\/\",\"name\":\"C\u00d4NG TY C\u1ed4 PH\u1ea6N T\u1eacP \u0110O\u00c0N \u0110\u1ecaA \u1ed0C KIM OANH\",\"description\":\"\",\"publisher\":{\"@id\":\"https:\/\/kimoanhgroupdn.vn\/#organization\"},\"potentialAction\":[{\"@type\":\"SearchAction\",\"target\":{\"@type\":\"EntryPoint\",\"urlTemplate\":\"https:\/\/kimoanhgroupdn.vn\/?s={search_term_string}\"},\"query-input\":{\"@type\":\"PropertyValueSpecification\",\"valueRequired\":true,\"valueName\":\"search_term_string\"}}],\"inLanguage\":\"en-US\"},{\"@type\":\"Organization\",\"@id\":\"https:\/\/kimoanhgroupdn.vn\/#organization\",\"name\":\"C\u00d4NG TY C\u1ed4 PH\u1ea6N T\u1eacP \u0110O\u00c0N \u0110\u1ecaA \u1ed0C KIM OANH\",\"url\":\"https:\/\/kimoanhgroupdn.vn\/\",\"logo\":{\"@type\":\"ImageObject\",\"inLanguage\":\"en-US\",\"@id\":\"https:\/\/kimoanhgroupdn.vn\/#\/schema\/logo\/image\/\",\"url\":\"https:\/\/hqcgroup.vn\/wp-content\/uploads\/2025\/08\/731b15aa-d342-432c-ad44-ae6a886426cc.jpg\",\"contentUrl\":\"https:\/\/hqcgroup.vn\/wp-content\/uploads\/2025\/08\/731b15aa-d342-432c-ad44-ae6a886426cc.jpg\",\"width\":1715,\"height\":538,\"caption\":\"C\u00d4NG TY C\u1ed4 PH\u1ea6N T\u1eacP \u0110O\u00c0N \u0110\u1ecaA \u1ed0C KIM OANH\"},\"image\":{\"@id\":\"https:\/\/kimoanhgroupdn.vn\/#\/schema\/logo\/image\/\"},\"sameAs\":[\"https:\/\/www.facebook.com\/khongvanhong1988\/\"]}]}<\/script>\n<!-- \/ Yoast SEO plugin. -->","yoast_head_json":{"title":"About - C\u00d4NG TY C\u1ed4 PH\u1ea6N T\u1eacP \u0110O\u00c0N \u0110\u1ecaA \u1ed0C KIM OANH","robots":{"index":"index","follow":"follow","max-snippet":"max-snippet:-1","max-image-preview":"max-image-preview:large","max-video-preview":"max-video-preview:-1"},"canonical":"https:\/\/kimoanhgroupdn.vn\/en\/about\/","og_locale":"en_US","og_type":"article","og_title":"About - C\u00d4NG TY C\u1ed4 PH\u1ea6N T\u1eacP \u0110O\u00c0N \u0110\u1ecaA \u1ed0C KIM OANH","og_description":"The one area of your small business website where you really have a chance to tell your story\u2014who you are, what your small business is...","og_url":"https:\/\/kimoanhgroupdn.vn\/en\/about\/","og_site_name":"C\u00d4NG TY C\u1ed4 PH\u1ea6N T\u1eacP \u0110O\u00c0N \u0110\u1ecaA \u1ed0C KIM OANH","article_publisher":"https:\/\/www.facebook.com\/khongvanhong1988\/","og_image":[{"width":2048,"height":1043,"url":"https:\/\/kimoanhgroupdn.vn\/wp-content\/uploads\/2025\/09\/KV-Website-2048x1043px-small.jpg.webp","type":"image\/webp"}],"twitter_card":"summary_large_image","twitter_misc":{"Est. reading time":"2 minutes"},"schema":{"@context":"https:\/\/schema.org","@graph":[{"@type":"WebPage","@id":"https:\/\/kimoanhgroupdn.vn\/en\/about\/","url":"https:\/\/kimoanhgroupdn.vn\/en\/about\/","name":"About - C\u00d4NG TY C\u1ed4 PH\u1ea6N T\u1eacP \u0110O\u00c0N \u0110\u1ecaA \u1ed0C KIM OANH","isPartOf":{"@id":"https:\/\/kimoanhgroupdn.vn\/#website"},"datePublished":"2016-09-17T01:32:10+00:00","breadcrumb":{"@id":"https:\/\/kimoanhgroupdn.vn\/en\/about\/#breadcrumb"},"inLanguage":"en-US","potentialAction":[{"@type":"ReadAction","target":["https:\/\/kimoanhgroupdn.vn\/en\/about\/"]}]},{"@type":"BreadcrumbList","@id":"https:\/\/kimoanhgroupdn.vn\/en\/about\/#breadcrumb","itemListElement":[{"@type":"ListItem","position":1,"name":"Home","item":"https:\/\/kimoanhgroupdn.vn\/en\/"},{"@type":"ListItem","position":2,"name":"About"}]},{"@type":"WebSite","@id":"https:\/\/kimoanhgroupdn.vn\/#website","url":"https:\/\/kimoanhgroupdn.vn\/","name":"C\u00d4NG TY C\u1ed4 PH\u1ea6N T\u1eacP \u0110O\u00c0N \u0110\u1ecaA \u1ed0C KIM OANH","description":"","publisher":{"@id":"https:\/\/kimoanhgroupdn.vn\/#organization"},"potentialAction":[{"@type":"SearchAction","target":{"@type":"EntryPoint","urlTemplate":"https:\/\/kimoanhgroupdn.vn\/?s={search_term_string}"},"query-input":{"@type":"PropertyValueSpecification","valueRequired":true,"valueName":"search_term_string"}}],"inLanguage":"en-US"},{"@type":"Organization","@id":"https:\/\/kimoanhgroupdn.vn\/#organization","name":"C\u00d4NG TY C\u1ed4 PH\u1ea6N T\u1eacP \u0110O\u00c0N \u0110\u1ecaA \u1ed0C KIM OANH","url":"https:\/\/kimoanhgroupdn.vn\/","logo":{"@type":"ImageObject","inLanguage":"en-US","@id":"https:\/\/kimoanhgroupdn.vn\/#\/schema\/logo\/image\/","url":"https:\/\/hqcgroup.vn\/wp-content\/uploads\/2025\/08\/731b15aa-d342-432c-ad44-ae6a886426cc.jpg","contentUrl":"https:\/\/hqcgroup.vn\/wp-content\/uploads\/2025\/08\/731b15aa-d342-432c-ad44-ae6a886426cc.jpg","width":1715,"height":538,"caption":"C\u00d4NG TY C\u1ed4 PH\u1ea6N T\u1eacP \u0110O\u00c0N \u0110\u1ecaA \u1ed0C KIM OANH"},"image":{"@id":"https:\/\/kimoanhgroupdn.vn\/#\/schema\/logo\/image\/"},"sameAs":["https:\/\/www.facebook.com\/khongvanhong1988\/"]}]}},"_links":{"self":[{"href":"https:\/\/kimoanhgroupdn.vn\/en\/wp-json\/wp\/v2\/pages\/732","targetHints":{"allow":["GET"]}}],"collection":[{"href":"https:\/\/kimoanhgroupdn.vn\/en\/wp-json\/wp\/v2\/pages"}],"about":[{"href":"https:\/\/kimoanhgroupdn.vn\/en\/wp-json\/wp\/v2\/types\/page"}],"author":[{"embeddable":true,"href":"https:\/\/kimoanhgroupdn.vn\/en\/wp-json\/wp\/v2\/users\/1"}],"replies":[{"embeddable":true,"href":"https:\/\/kimoanhgroupdn.vn\/en\/wp-json\/wp\/v2\/comments?post=732"}],"version-history":[{"count":0,"href":"https:\/\/kimoanhgroupdn.vn\/en\/wp-json\/wp\/v2\/pages\/732\/revisions"}],"wp:attachment":[{"href":"https:\/\/kimoanhgroupdn.vn\/en\/wp-json\/wp\/v2\/media?parent=732"}],"curies":[{"name":"wp","href":"https:\/\/api.w.org\/{rel}","templated":true}]}}